{"id":591,"date":"2024-11-16T20:46:48","date_gmt":"2024-11-16T19:46:48","guid":{"rendered":"https:\/\/lurdykonferencia.hu\/?page_id=591"},"modified":"2024-11-16T20:56:09","modified_gmt":"2024-11-16T19:56:09","slug":"impresszum","status":"publish","type":"page","link":"https:\/\/lurdykonferencia.hu\/en\/impresszum\/","title":{"rendered":"Impresszum"},"content":{"rendered":"<div data-elementor-type=\"wp-page\" data-elementor-id=\"591\" class=\"elementor elementor-591\" data-elementor-post-type=\"page\">\n\t\t\t\t<div class=\"elementor-element elementor-element-16a81af6 e-flex e-con-boxed e-con e-parent\" data-id=\"16a81af6\" data-element_type=\"container\" data-e-type=\"container\">\n\t\t\t\t\t<div class=\"e-con-inner\">\n\t\t\t\t<div class=\"elementor-element elementor-element-447492b elementor-widget elementor-widget-heading\" data-id=\"447492b\" data-element_type=\"widget\" data-e-type=\"widget\" data-widget_type=\"heading.default\">\n\t\t\t\t<div class=\"elementor-widget-container\">\n\t\t\t\t\t<h2 class=\"elementor-heading-title elementor-size-default\">Impresszum<\/h2>\t\t\t\t<\/div>\n\t\t\t\t<\/div>\n\t\t\t\t<div class=\"elementor-element elementor-element-709cd233 elementor-widget elementor-widget-text-editor\" data-id=\"709cd233\" data-element_type=\"widget\" data-e-type=\"widget\" data-widget_type=\"text-editor.default\">\n\t\t\t\t<div class=\"elementor-widget-container\">\n\t\t\t\t\t\t\t\t\t\n<h2 class=\"wp-block-heading\">Az lurdykonferencia.hu\u00a0kiad\u00f3ja az Lurdyh\u00e1z Kft.<\/h2>\n\n<p>Felel\u0151s kiad\u00f3: Lurdy-H\u00e1z Bev\u00e1s\u00e1rl\u00f3- \u00e9s Irodacentrum Korl\u00e1tolt Felel\u0151ss\u00e9g\u0171 T\u00e1rsas\u00e1g<br \/>C\u00edm: 1097 Budapest, K\u00f6nyves K\u00e1lm\u00e1n k\u00f6r\u00fat 12-14.<br \/>Telefon: <br \/>E-mail: <strong>info@lurdyhaz.hu<\/strong><br \/>Internet: lurdykonferencia.hu<br \/>C\u00e9gjegyz\u00e9ksz\u00e1m: 01-09-566490<br \/>Ad\u00f3sz\u00e1m: 12232079-2-43<br \/>A c\u00e9get bejegyz\u0151 hat\u00f3s\u00e1g: F\u0151v\u00e1rosi T\u00f6rv\u00e9nysz\u00e9k C\u00e9gb\u00edr\u00f3s\u00e1ga (1051 Budapest, N\u00e1dor u. 28.)<\/p>\n\n<p>Honlap t\u00e1rhely\u00e9t biztos\u00edt\u00f3 szolg\u00e1ltat\u00f3: Viacom Informatikai Kft.<br \/>T\u00e1rhelyszolg\u00e1ltat\u00f3 c\u00edme: 2225, \u00dcll\u0151, Gy\u00e1r u. 8.<br \/>T\u00e1rhelyszolg\u00e1ltat\u00f3 e-mail c\u00edme: info@viacomkft.hu<br \/>Webszerver hely\u00e9nek f\u00f6ldrajzi c\u00edme: Buda\u00f6rs, Ipartelep u 13-15.<\/p>\n\t\t\t\t\t\t\t\t<\/div>\n\t\t\t\t<\/div>\n\t\t\t\t\t<\/div>\n\t\t\t\t<\/div>\n\t\t\t\t<\/div>","protected":false},"excerpt":{"rendered":"<p>Impresszum Az lurdykonferencia.hu\u00a0kiad\u00f3ja az Lurdyh\u00e1z Kft. Felel\u0151s kiad\u00f3: Lurdy-H\u00e1z Bev\u00e1s\u00e1rl\u00f3- \u00e9s Irodacentrum Korl\u00e1tolt Felel\u0151ss\u00e9g\u0171 T\u00e1rsas\u00e1gC\u00edm: 1097 Budapest, K\u00f6nyves K\u00e1lm\u00e1n k\u00f6r\u00fat 12-14.Telefon: E-mail: info@lurdyhaz.huInternet: lurdykonferencia.huC\u00e9gjegyz\u00e9ksz\u00e1m: 01-09-566490Ad\u00f3sz\u00e1m: 12232079-2-43A c\u00e9get bejegyz\u0151 hat\u00f3s\u00e1g: F\u0151v\u00e1rosi T\u00f6rv\u00e9nysz\u00e9k C\u00e9gb\u00edr\u00f3s\u00e1ga (1051 Budapest, N\u00e1dor u. 28.) Honlap t\u00e1rhely\u00e9t biztos\u00edt\u00f3 szolg\u00e1ltat\u00f3: Viacom Informatikai Kft.T\u00e1rhelyszolg\u00e1ltat\u00f3 c\u00edme: 2225, \u00dcll\u0151, Gy\u00e1r u. 8.T\u00e1rhelyszolg\u00e1ltat\u00f3 e-mail c\u00edme: info@viacomkft.huWebszerver hely\u00e9nek f\u00f6ldrajzi [&hellip;]<\/p>\n","protected":false},"author":3,"featured_media":0,"parent":0,"menu_order":0,"comment_status":"closed","ping_status":"closed","template":"elementor_header_footer","meta":{"footnotes":""},"yst_prominent_words":[],"class_list":["post-591","page","type-page","status-publish","hentry"],"_links":{"self":[{"href":"https:\/\/lurdykonferencia.hu\/en\/wp-json\/wp\/v2\/pages\/591","targetHints":{"allow":["GET"]}}],"collection":[{"href":"https:\/\/lurdykonferencia.hu\/en\/wp-json\/wp\/v2\/pages"}],"about":[{"href":"https:\/\/lurdykonferencia.hu\/en\/wp-json\/wp\/v2\/types\/page"}],"author":[{"embeddable":true,"href":"https:\/\/lurdykonferencia.hu\/en\/wp-json\/wp\/v2\/users\/3"}],"replies":[{"embeddable":true,"href":"https:\/\/lurdykonferencia.hu\/en\/wp-json\/wp\/v2\/comments?post=591"}],"version-history":[{"count":8,"href":"https:\/\/lurdykonferencia.hu\/en\/wp-json\/wp\/v2\/pages\/591\/revisions"}],"predecessor-version":[{"id":606,"href":"https:\/\/lurdykonferencia.hu\/en\/wp-json\/wp\/v2\/pages\/591\/revisions\/606"}],"wp:attachment":[{"href":"https:\/\/lurdykonferencia.hu\/en\/wp-json\/wp\/v2\/media?parent=591"}],"wp:term":[{"taxonomy":"yst_prominent_words","embeddable":true,"href":"https:\/\/lurdykonferencia.hu\/en\/wp-json\/wp\/v2\/yst_prominent_words?post=591"}],"curies":[{"name":"wp","href":"https:\/\/api.w.org\/{rel}","templated":true}]}}